{"id":22,"date":"2021-06-07T19:16:33","date_gmt":"2021-06-07T22:16:33","guid":{"rendered":"http:\/\/localhost\/?page_id=22"},"modified":"2022-05-04T09:34:01","modified_gmt":"2022-05-04T12:34:01","slug":"gestao-patrimonial","status":"publish","type":"page","link":"https:\/\/fundamenta.adm.br\/en\/gestao-patrimonial\/","title":{"rendered":"Gest\u00e3o Patrimonial"},"content":{"rendered":"<p class=\"has-text-align-left\">\u00c9 comum fam\u00edlias empres\u00e1rias que se dedicam com afinco ao seu neg\u00f3cio, mas n\u00e3o conseguem dar a aten\u00e7\u00e3o devida ao seu patrim\u00f4nio financeiro.<br>Sabemos tamb\u00e9m que a gest\u00e3o deste patrim\u00f4nio envolve uma rela\u00e7\u00e3o de extrema confian\u00e7a, o que requer profissionais experientes e que saibam compreender as necessidades da fam\u00edlia e dos seus integrantes.<\/p>\n\n\n\n<p class=\"text-justify\"><b>A Fundamenta Investimentos compreendeu na conviv\u00eancia com diversas fam\u00edlias deste perfil que suas principais demandas tipicamente s\u00e3o:<\/b><\/p>\n\n\n\n<ul><li>Atendimento personalizado feito por interlocutores experientes e profissionais, os quais acompanham a fam\u00edlia ao longo da sua trajet\u00f3ria como conselheiros presentes e atuantes<\/li><li>Gest\u00e3o profissional dos investimentos, isenta de conflitos de interesse<\/li><li>Modelo de remunera\u00e7\u00e3o transparente<\/li><li>Organiza\u00e7\u00e3o da governan\u00e7a corporativa familiar<\/li><li>Aconselhamento do processo sucess\u00f3rio entre as gera\u00e7\u00f5es<\/li><li>Acompanhamento pessoal e profissional das gera\u00e7\u00f5es mais novas<\/li><\/ul>\n\n\n\n<p class=\"text-justify\"><b>Saiba como sua fam\u00edlia pode investir como uma Gestora Profissional. <\/b><\/p>\n\n\n\n<p class=\"text-justify has-normal-font-size\"><b><a href=\"https:\/\/fundamenta.adm.br\/index.php\/contato\/\" data-type=\"page\" data-id=\"47\"><strong><span style=\"color:#005951\" class=\"has-inline-color\">Entre em contato com a nossa equipe.<\/span><\/strong><\/a><\/b><\/p>","protected":false},"excerpt":{"rendered":"<p>\u00c9 comum fam\u00edlias empres\u00e1rias que se dedicam com afinco ao seu neg\u00f3cio, mas n\u00e3o conseguem dar a aten\u00e7\u00e3o devida ao seu patrim\u00f4nio financeiro.Sabemos tamb\u00e9m que a gest\u00e3o deste patrim\u00f4nio envolve uma rela\u00e7\u00e3o de extrema confian\u00e7a, o que requer profissionais experientes e que saibam compreender as necessidades da fam\u00edlia e dos seus integrantes. A Fundamenta Investimentos &hellip; <\/p>\n<p class=\"link-more\"><a href=\"https:\/\/fundamenta.adm.br\/en\/gestao-patrimonial\/\" class=\"more-link\">Continue reading<span class=\"screen-reader-text\"> &#8220;Gest\u00e3o Patrimonial&#8221;<\/span><\/a><\/p>","protected":false},"author":5,"featured_media":334,"parent":0,"menu_order":0,"comment_status":"closed","ping_status":"closed","template":"templates\/default.php","meta":{"footnotes":""},"_links":{"self":[{"href":"https:\/\/fundamenta.adm.br\/en\/wp-json\/wp\/v2\/pages\/22"}],"collection":[{"href":"https:\/\/fundamenta.adm.br\/en\/wp-json\/wp\/v2\/pages"}],"about":[{"href":"https:\/\/fundamenta.adm.br\/en\/wp-json\/wp\/v2\/types\/page"}],"author":[{"embeddable":true,"href":"https:\/\/fundamenta.adm.br\/en\/wp-json\/wp\/v2\/users\/5"}],"replies":[{"embeddable":true,"href":"https:\/\/fundamenta.adm.br\/en\/wp-json\/wp\/v2\/comments?post=22"}],"version-history":[{"count":11,"href":"https:\/\/fundamenta.adm.br\/en\/wp-json\/wp\/v2\/pages\/22\/revisions"}],"predecessor-version":[{"id":798,"href":"https:\/\/fundamenta.adm.br\/en\/wp-json\/wp\/v2\/pages\/22\/revisions\/798"}],"wp:featuredmedia":[{"embeddable":true,"href":"https:\/\/fundamenta.adm.br\/en\/wp-json\/wp\/v2\/media\/334"}],"wp:attachment":[{"href":"https:\/\/fundamenta.adm.br\/en\/wp-json\/wp\/v2\/media?parent=22"}],"curies":[{"name":"wp","href":"https:\/\/api.w.org\/{rel}","templated":true}]}}