{"id":24,"date":"2021-06-07T19:19:00","date_gmt":"2021-06-07T22:19:00","guid":{"rendered":"http:\/\/localhost\/?page_id=24"},"modified":"2022-05-04T09:34:51","modified_gmt":"2022-05-04T12:34:51","slug":"carteiras-administradas","status":"publish","type":"page","link":"https:\/\/fundamenta.adm.br\/en\/carteiras-administradas\/","title":{"rendered":"Carteiras Administradas"},"content":{"rendered":"<p>Para investidores que preferem um portf\u00f3lio que invista diretamente em a\u00e7\u00f5es e t\u00edtulos de renda fixa, a Fundamenta Investimentos oferece a modalidade de Carteira Administrada.<br>Desta forma, o portf\u00f3lio do investidor ser\u00e1 conduzido com toda experi\u00eancia, rigor processual e t\u00e9cnico que uma gestora profissional oferece.<br>Este produto \u00e9 destinado a investidores qualificados, e por se tratar de um produto personalizado, sua oferta \u00e9 sujeita a an\u00e1lise pr\u00e9via de perfil do investidor.<\/p>\n\n\n\n<p><strong><a href=\"https:\/\/fundamenta.adm.br\/index.php\/contato\/\"><strong>Entre em contato com a nossa equipe.<\/strong><\/a><\/strong><\/p>","protected":false},"excerpt":{"rendered":"<p>Para investidores que preferem um portf\u00f3lio que invista diretamente em a\u00e7\u00f5es e t\u00edtulos de renda fixa, a Fundamenta Investimentos oferece a modalidade de Carteira Administrada.Desta forma, o portf\u00f3lio do investidor ser\u00e1 conduzido com toda experi\u00eancia, rigor processual e t\u00e9cnico que uma gestora profissional oferece.Este produto \u00e9 destinado a investidores qualificados, e por se tratar de &hellip; <\/p>\n<p class=\"link-more\"><a href=\"https:\/\/fundamenta.adm.br\/en\/carteiras-administradas\/\" class=\"more-link\">Continue reading<span class=\"screen-reader-text\"> &#8220;Carteiras Administradas&#8221;<\/span><\/a><\/p>","protected":false},"author":5,"featured_media":334,"parent":0,"menu_order":0,"comment_status":"closed","ping_status":"closed","template":"templates\/default.php","meta":{"footnotes":""},"_links":{"self":[{"href":"https:\/\/fundamenta.adm.br\/en\/wp-json\/wp\/v2\/pages\/24"}],"collection":[{"href":"https:\/\/fundamenta.adm.br\/en\/wp-json\/wp\/v2\/pages"}],"about":[{"href":"https:\/\/fundamenta.adm.br\/en\/wp-json\/wp\/v2\/types\/page"}],"author":[{"embeddable":true,"href":"https:\/\/fundamenta.adm.br\/en\/wp-json\/wp\/v2\/users\/5"}],"replies":[{"embeddable":true,"href":"https:\/\/fundamenta.adm.br\/en\/wp-json\/wp\/v2\/comments?post=24"}],"version-history":[{"count":9,"href":"https:\/\/fundamenta.adm.br\/en\/wp-json\/wp\/v2\/pages\/24\/revisions"}],"predecessor-version":[{"id":799,"href":"https:\/\/fundamenta.adm.br\/en\/wp-json\/wp\/v2\/pages\/24\/revisions\/799"}],"wp:featuredmedia":[{"embeddable":true,"href":"https:\/\/fundamenta.adm.br\/en\/wp-json\/wp\/v2\/media\/334"}],"wp:attachment":[{"href":"https:\/\/fundamenta.adm.br\/en\/wp-json\/wp\/v2\/media?parent=24"}],"curies":[{"name":"wp","href":"https:\/\/api.w.org\/{rel}","templated":true}]}}