{"id":34,"date":"2021-06-09T18:59:09","date_gmt":"2021-06-09T21:59:09","guid":{"rendered":"http:\/\/localhost\/?page_id=34"},"modified":"2021-07-30T15:08:46","modified_gmt":"2021-07-30T18:08:46","slug":"na-midia","status":"publish","type":"page","link":"https:\/\/fundamenta.adm.br\/en\/na-midia\/","title":{"rendered":"Na M\u00eddia"},"content":{"rendered":"<h2 class=\"has-text-align-center wp-block-heading\">Na M\u00eddia<\/h2>\n\n\n\n<p class=\"has-text-align-center\">Confira os principais ve\u00edculos de comunica\u00e7\u00e3o nos quais a<br>Fundamenta aparece.<\/p>","protected":false},"excerpt":{"rendered":"<p>Na M\u00eddia Confira os principais ve\u00edculos de comunica\u00e7\u00e3o nos quais aFundamenta aparece.<\/p>","protected":false},"author":5,"featured_media":334,"parent":0,"menu_order":0,"comment_status":"closed","ping_status":"closed","template":"templates\/na-midia.php","meta":{"footnotes":""},"_links":{"self":[{"href":"https:\/\/fundamenta.adm.br\/en\/wp-json\/wp\/v2\/pages\/34"}],"collection":[{"href":"https:\/\/fundamenta.adm.br\/en\/wp-json\/wp\/v2\/pages"}],"about":[{"href":"https:\/\/fundamenta.adm.br\/en\/wp-json\/wp\/v2\/types\/page"}],"author":[{"embeddable":true,"href":"https:\/\/fundamenta.adm.br\/en\/wp-json\/wp\/v2\/users\/5"}],"replies":[{"embeddable":true,"href":"https:\/\/fundamenta.adm.br\/en\/wp-json\/wp\/v2\/comments?post=34"}],"version-history":[{"count":2,"href":"https:\/\/fundamenta.adm.br\/en\/wp-json\/wp\/v2\/pages\/34\/revisions"}],"predecessor-version":[{"id":466,"href":"https:\/\/fundamenta.adm.br\/en\/wp-json\/wp\/v2\/pages\/34\/revisions\/466"}],"wp:featuredmedia":[{"embeddable":true,"href":"https:\/\/fundamenta.adm.br\/en\/wp-json\/wp\/v2\/media\/334"}],"wp:attachment":[{"href":"https:\/\/fundamenta.adm.br\/en\/wp-json\/wp\/v2\/media?parent=34"}],"curies":[{"name":"wp","href":"https:\/\/api.w.org\/{rel}","templated":true}]}}