{"id":45,"date":"2021-06-10T19:14:46","date_gmt":"2021-06-10T22:14:46","guid":{"rendered":"http:\/\/localhost\/?page_id=45"},"modified":"2024-02-26T11:40:16","modified_gmt":"2024-02-26T14:40:16","slug":"cartas-fundamenta","status":"publish","type":"page","link":"https:\/\/fundamenta.adm.br\/en\/cartas-fundamenta\/","title":{"rendered":"Cartas Fundamenta"},"content":{"rendered":"<h2 class=\"wp-block-heading has-text-align-center\">Cartas<\/h2>\n\n\n\n<p class=\"has-text-align-center\">As cartas trazem a nossa vis\u00e3o do cen\u00e1rio econ\u00f4mico e a nossa estrat\u00e9gia de investimento.<\/p>\n\n\n\n<p><\/p>\n\n\n\n<p><\/p>","protected":false},"excerpt":{"rendered":"<p>Cartas As cartas trazem a nossa vis\u00e3o do cen\u00e1rio econ\u00f4mico e a nossa estrat\u00e9gia de investimento.<\/p>","protected":false},"author":5,"featured_media":334,"parent":0,"menu_order":0,"comment_status":"closed","ping_status":"closed","template":"templates\/cartas-fundamenta.php","meta":{"footnotes":""},"_links":{"self":[{"href":"https:\/\/fundamenta.adm.br\/en\/wp-json\/wp\/v2\/pages\/45"}],"collection":[{"href":"https:\/\/fundamenta.adm.br\/en\/wp-json\/wp\/v2\/pages"}],"about":[{"href":"https:\/\/fundamenta.adm.br\/en\/wp-json\/wp\/v2\/types\/page"}],"author":[{"embeddable":true,"href":"https:\/\/fundamenta.adm.br\/en\/wp-json\/wp\/v2\/users\/5"}],"replies":[{"embeddable":true,"href":"https:\/\/fundamenta.adm.br\/en\/wp-json\/wp\/v2\/comments?post=45"}],"version-history":[{"count":15,"href":"https:\/\/fundamenta.adm.br\/en\/wp-json\/wp\/v2\/pages\/45\/revisions"}],"predecessor-version":[{"id":4088,"href":"https:\/\/fundamenta.adm.br\/en\/wp-json\/wp\/v2\/pages\/45\/revisions\/4088"}],"wp:featuredmedia":[{"embeddable":true,"href":"https:\/\/fundamenta.adm.br\/en\/wp-json\/wp\/v2\/media\/334"}],"wp:attachment":[{"href":"https:\/\/fundamenta.adm.br\/en\/wp-json\/wp\/v2\/media?parent=45"}],"curies":[{"name":"wp","href":"https:\/\/api.w.org\/{rel}","templated":true}]}}